{"id":27188,"date":"2024-09-26T14:15:03","date_gmt":"2024-09-26T14:15:03","guid":{"rendered":"https:\/\/cortecasaerminia.it\/?page_id=27188"},"modified":"2024-10-15T15:43:01","modified_gmt":"2024-10-15T15:43:01","slug":"coockie-politik","status":"publish","type":"page","link":"https:\/\/cortecasaerminia.it\/de\/cookie-richtlinie\/","title":{"rendered":"Cookie-Richtlinie"},"content":{"rendered":"<style>\n    a.cky-banner-element {<br \/>        padding: 8px 30px;<br \/>        background: #F8F9FA;<br \/>        color: #858A8F;<br \/>        border: 1px solid #DEE2E6;<br \/>        box-sizing: border-box;<br \/>        border-radius: 2px;<br \/>        cursor: pointer;<br \/>}<br \/><\/style>\n<p>Datum des Inkrafttretens: 26-Sep-2024<br \/>\nZuletzt aktualisiert: 26-Sep-2024<\/p>\n<h5>Was sind Cookies?<\/h5>\n<div class=\"cookie-policy-p\">\n<p>In dieser Cookie-Richtlinie wird erkl\u00e4rt, was Cookies sind und wie wir sie verwenden, welche Arten von Cookies wir verwenden, welche Informationen wir mit Hilfe von Cookies sammeln und wie diese Informationen verwendet werden, und wie Sie Ihre Cookie-Einstellungen verwalten k\u00f6nnen.<\/p>\n<p>Cookies sind kleine Textdateien, die dazu dienen, kleine Informationen zu speichern. Sie werden auf Ihrem Ger\u00e4t gespeichert, wenn die Website \u00fcber Ihren Browser geladen wird. Diese Cookies helfen uns, die Website ordnungsgem\u00e4\u00df zu betreiben, sie sicherer zu machen, die Nutzererfahrung zu verbessern und zu verstehen, wie die Website funktioniert, und zu analysieren, was funktioniert und wo sie verbessert werden muss.<\/p>\n<h5>Wie verwenden wir Cookies?<\/h5>\n<\/div>\n<div class=\"cookie-policy-p\">\n<p>Wie die meisten Online-Dienste verwendet auch unsere Website Cookies von Erstanbietern und Drittanbietern f\u00fcr unterschiedliche Zwecke. Cookies von Erstanbietern sind in erster Linie f\u00fcr das ordnungsgem\u00e4\u00dfe Funktionieren der Website erforderlich und erfassen keine personenbezogenen Daten von Ihnen.<\/p>\n<p>Die Cookies von Drittanbietern, die auf unserer Website verwendet werden, dienen in erster Linie dazu, zu verstehen, wie die Website funktioniert, wie Sie mit unserer Website interagieren, um unsere Dienste sicher zu halten, um Ihnen f\u00fcr Sie relevante Werbung anzubieten und um Ihnen allgemein eine bessere und verbesserte Benutzererfahrung zu bieten und Ihre zuk\u00fcnftigen Interaktionen mit unserer Website zu beschleunigen.<\/p>\n<\/div>\n<h5>Arten von Cookies, die wir verwenden<\/h5>\n<div class=\"cky-audit-table-element\"><\/div>\n<h5 style=\"margin-bottom: 20px;\">Verwalten Sie Ihre Cookie-Einstellungen<\/h5>\n<p><strong>Cookie-Einstellungen<\/strong><\/p>\n<div>\n<p>Sie k\u00f6nnen Ihre Cookie-Einstellungen jederzeit \u00e4ndern, indem Sie auf die Schaltfl\u00e4che oben klicken. Auf diese Weise k\u00f6nnen Sie das Cookie-Einwilligungsbanner erneut aufrufen und Ihre Einstellungen \u00e4ndern oder Ihre Einwilligung sofort widerrufen.<\/p>\n<p>Dar\u00fcber hinaus bieten verschiedene Browser unterschiedliche Methoden zum Blockieren und L\u00f6schen von Cookies, die von Websites verwendet werden. Sie k\u00f6nnen Ihre Browsereinstellungen \u00e4ndern, um Cookies zu blockieren\/l\u00f6schen. Nachstehend finden Sie Links zu Dokumenten, in denen beschrieben wird, wie Sie Cookies in den wichtigsten Webbrowsern verwalten und l\u00f6schen k\u00f6nnen.<\/p>\n<p>Chrome: <a href=\"https:\/\/support.google.com\/accounts\/answer\/32050\" target=\"_blank\" rel=\"noopener noreferrer nofollow\">https:\/\/support.google.com\/accounts\/answer\/32050<\/a><\/p>\n<p>Safari: <a href=\"https:\/\/support.apple.com\/en-in\/guide\/safari\/sfri11471\/mac\" target=\"_blank\" rel=\"noopener noreferrer nofollow\">https:\/\/support.apple.com\/en-in\/guide\/safari\/sfri11471\/mac<\/a><\/p>\n<p>Firefox: <a href=\"https:\/\/support.mozilla.org\/en-US\/kb\/clear-cookies-and-site-data-firefox?redirectslug=delete-cookies-remove-info-websites-stored&amp;redirectlocale=en-US\" target=\"_blank\" rel=\"noopener noreferrer nofollow\">https:\/\/support.mozilla.org\/en-US\/kb\/clear-cookies-and-site-data-firefox?redirectslug=delete-cookies-remove-info-websites-stored&amp;redirectlocale=en-US<\/a><\/p>\n<p>Internet Explorer: <a href=\"https:\/\/support.microsoft.com\/en-us\/topic\/how-to-delete-cookie-files-in-internet-explorer-bca9446f-d873-78de-77ba-d42645fa52fc\" target=\"_blank\" rel=\"noopener noreferrer nofollow\">https:\/\/support.microsoft.com\/en-us\/topic\/how-to-delete-cookie-files-in-internet-explorer-bca9446f-d873-78de-77ba-d42645fa52fc<\/a><\/p>\n<p>Wenn Sie einen anderen Webbrowser verwenden, besuchen Sie bitte die offiziellen Support-Dokumente f\u00fcr Ihren Browser.<\/p>\n<\/div>\n","protected":false},"excerpt":{"rendered":"<p>Datum des Inkrafttretens: 26-Sep-2024 Zuletzt aktualisiert: 26-Sep-2024 Was sind Cookies? In dieser Cookie-Richtlinie wird erkl\u00e4rt, was Cookies sind und wie wir sie verwenden, welche Arten von Cookies wir verwenden, welche Informationen wir mit Hilfe von Cookies sammeln und wie diese Informationen verwendet werden, und wie Sie Ihre Cookie-Einstellungen verwalten k\u00f6nnen&#8230;.<\/p>\n","protected":false},"author":1,"featured_media":0,"parent":0,"menu_order":0,"comment_status":"closed","ping_status":"closed","template":"","meta":{"_themeisle_gutenberg_block_has_review":false,"footnotes":""},"class_list":["post-27188","page","type-page","status-publish","hentry"],"_links":{"self":[{"href":"https:\/\/cortecasaerminia.it\/de\/wp-json\/wp\/v2\/pages\/27188","targetHints":{"allow":["GET"]}}],"collection":[{"href":"https:\/\/cortecasaerminia.it\/de\/wp-json\/wp\/v2\/pages"}],"about":[{"href":"https:\/\/cortecasaerminia.it\/de\/wp-json\/wp\/v2\/types\/page"}],"author":[{"embeddable":true,"href":"https:\/\/cortecasaerminia.it\/de\/wp-json\/wp\/v2\/users\/1"}],"replies":[{"embeddable":true,"href":"https:\/\/cortecasaerminia.it\/de\/wp-json\/wp\/v2\/comments?post=27188"}],"version-history":[{"count":2,"href":"https:\/\/cortecasaerminia.it\/de\/wp-json\/wp\/v2\/pages\/27188\/revisions"}],"predecessor-version":[{"id":27190,"href":"https:\/\/cortecasaerminia.it\/de\/wp-json\/wp\/v2\/pages\/27188\/revisions\/27190"}],"wp:attachment":[{"href":"https:\/\/cortecasaerminia.it\/de\/wp-json\/wp\/v2\/media?parent=27188"}],"curies":[{"name":"wp","href":"https:\/\/api.w.org\/{rel}","templated":true}]}}