{"id":27167,"date":"2024-02-23T15:15:47","date_gmt":"2024-02-23T15:15:47","guid":{"rendered":"https:\/\/cortecasaerminia.it\/datenschutzbestimmungen\/"},"modified":"2024-10-15T15:32:37","modified_gmt":"2024-10-15T15:32:37","slug":"datenschutzbestimmungen","status":"publish","type":"page","link":"https:\/\/cortecasaerminia.it\/de\/datenschutzbestimmungen\/","title":{"rendered":"Datenschutzbestimmungen"},"content":{"rendered":"<h4 class=\"privacy-policy-h1\">Zuletzt aktualisiert am 26-Sep-2024<br \/>\nDatum des Inkrafttretens 26-Sep-2024<\/h4>\n<p class=\"privacy-policy-p\">Diese Datenschutzrichtlinie beschreibt die Politik der Societ\u00e0 Agricola Corte Casa Erminia ss, Localit\u00e0 Casa Erminia 2- Lazise, Verona &#8211; Italy, Verona 37017, Italy, email: info@cortecasaerminia.it, phone: +393203610606 \u00fcber die Sammlung, Verwendung und Weitergabe Ihrer Daten, die wir sammeln, wenn Sie unsere Website ( https:\/\/cortecasaerminia.it ) nutzen. (der \u201eDienst\u201c). Indem Sie auf den Dienst zugreifen oder ihn nutzen, erkl\u00e4ren Sie sich mit der Erfassung, Verwendung und Weitergabe Ihrer Daten in \u00dcbereinstimmung mit dieser Datenschutzerkl\u00e4rung einverstanden. Wenn Sie damit nicht einverstanden sind, unterlassen Sie bitte den Zugriff auf den Dienst und nutzen Sie ihn nicht.<\/p>\n<p class=\"privacy-policy-p\">PWir k\u00f6nnen diese Datenschutzrichtlinie jederzeit ohne Vorank\u00fcndigung \u00e4ndern und werden die \u00fcberarbeitete Datenschutzrichtlinie auf dem Dienst ver\u00f6ffentlichen. Die \u00fcberarbeitete Datenschutzrichtlinie tritt 180 Tage nach der Ver\u00f6ffentlichung im Dienst in Kraft, und wenn Sie nach diesem Zeitraum weiterhin auf den Dienst zugreifen oder ihn nutzen, erkl\u00e4ren Sie sich mit der \u00fcberarbeiteten Datenschutzrichtlinie einverstanden. Wir empfehlen Ihnen daher, diese Seite regelm\u00e4\u00dfig zu \u00fcberpr\u00fcfen.<\/p>\n<ol class=\"privacy-policy-ol\">\n<li>\n<h2 class=\"privacy-policy-h2\">Wie wir Ihre Informationen verwenden:<\/h2>\n<p class=\"privacy-policy-p\">Wir werden die \u00fcber Sie gesammelten Informationen f\u00fcr die folgenden Zwecke verwenden:<\/p>\n<ol class=\"privacy-policy-ol\">\n<li>Marketing\/Werbung<\/li>\n<li>Testimonials<\/li>\n<li>Sammeln von Kundenfeedback<\/li>\n<li>Zahlungsabwicklung<\/li>\n<li>Schutz der Website<\/li>\n<li>Beilegung von Streitigkeiten<\/li>\n<\/ol>\n<p class=\"privacy-policy-p\">Wenn wir Ihre Daten f\u00fcr einen anderen Zweck verwenden wollen, werden wir Sie um Ihre Zustimmung bitten und Ihre Daten nur nach Erhalt Ihrer Zustimmung und nur f\u00fcr den\/die Zweck(e) verwenden, f\u00fcr den\/die Sie Ihre Zustimmung gegeben haben, es sei denn, wir sind gesetzlich zu etwas anderem verpflichtet.<\/p>\n<\/li>\n<li>\n<h2 class=\"privacy-policy-h2\">Ihre Rechte:<\/h2>\n<p>Je nach geltendem Recht haben Sie das Recht, auf Ihre personenbezogenen Daten zuzugreifen, sie zu berichtigen oder zu l\u00f6schen oder eine Kopie Ihrer personenbezogenen Daten zu erhalten, die aktive Verarbeitung Ihrer Daten einzuschr\u00e4nken oder ihr zu widersprechen, uns aufzufordern, Ihre personenbezogenen Daten an eine andere Stelle weiterzugeben (zu \u00fcbermitteln), die von Ihnen erteilte Zustimmung zur Verarbeitung Ihrer Daten zu widerrufen, das Recht, eine Beschwerde bei einer gesetzlichen Beh\u00f6rde einzureichen, sowie weitere einschl\u00e4gige Rechte nach geltendem Recht. Um diese Rechte auszu\u00fcben, k\u00f6nnen Sie sich schriftlich an uns wenden: info@cortecasaerminia.it. Wir werden Ihre Anfrage in \u00dcbereinstimmung mit dem geltenden Recht beantworten.<\/p>\n<p>Bitte beachten Sie, dass Sie m\u00f6glicherweise nicht in der Lage sind, auf die Dienste, f\u00fcr die Ihre Daten angefordert wurden, zuzugreifen oder diese zu nutzen, wenn Sie uns nicht erlauben, die angeforderten personenbezogenen Daten zu sammeln oder zu verarbeiten, oder wenn Sie Ihre Zustimmung zur Verarbeitung f\u00fcr die angeforderten Zwecke zur\u00fcckziehen.<\/li>\n<li>\n<h2 class=\"privacy-policy-h2\">Cookies usw:<\/h2>\n<p class=\"privacy-policy-p\">PWenn Sie mehr dar\u00fcber erfahren m\u00f6chten, wie wir diese Technologien verwenden und welche M\u00f6glichkeiten Sie in Bezug auf diese Tracking-Technologien haben, lesen Sie bitte unsere <a href=\"https:\/\/cortecasaerminia.it\/de\/cookie-richtlinie\/\">Cookie-Richtlinie<\/a>.<\/p>\n<\/li>\n<li>\n<h2 class=\"privacy-policy-h2\">Sicherheit:<\/h2>\n<p class=\"privacy-policy-p\">Die Sicherheit Ihrer Daten ist uns wichtig, und wir werden angemessene Sicherheitsma\u00dfnahmen ergreifen, um den Verlust, den Missbrauch oder die unbefugte \u00c4nderung Ihrer Daten unter unserer Kontrolle zu verhindern. Aufgrund der damit verbundenen Risiken k\u00f6nnen wir jedoch keine absolute Sicherheit garantieren. Daher k\u00f6nnen wir die Sicherheit von Informationen, die Sie uns \u00fcbermitteln, nicht gew\u00e4hrleisten oder garantieren, und Sie tun dies auf eigenes Risiko.<\/p>\n<\/li>\n<li>\n<h2 class=\"privacy-policy-h2\">Links zu Drittanbietern und Verwendung Ihrer Daten:<\/h2>\n<p class=\"privacy-policy-p\">Unser Service kann Links zu anderen Websites enthalten, die nicht von uns betrieben werden. Diese Datenschutzrichtlinie gilt nicht f\u00fcr die Datenschutzrichtlinien und andere Praktiken Dritter, einschlie\u00dflich Dritter, die eine Website oder einen Dienst betreiben, der \u00fcber einen Link im Dienst zug\u00e4nglich ist. Wir empfehlen Ihnen dringend, die Datenschutzrichtlinien jeder Website, die Sie besuchen, zu \u00fcberpr\u00fcfen. Wir haben keine Kontrolle \u00fcber und \u00fcbernehmen keine Verantwortung f\u00fcr den Inhalt, die Datenschutzrichtlinien oder die Praktiken von Websites oder Diensten Dritter.<\/p>\n<\/li>\n<li>\n<h2 class=\"privacy-policy-h2\">Beschwerdebeauftragter\/Datenschutz:<\/h2>\n<p class=\"privacy-policy-p\">Wenn Sie Fragen oder Bedenken bez\u00fcglich der Verarbeitung der \u00fcber Sie gespeicherten Daten haben, k\u00f6nnen Sie sich per E-Mail an unseren Beschwerdemanager bei Societ\u00e0 Agricola Corte Casa Erminia ss, Localit\u00e0 Casa Erminia 2- Lazise, Verona &#8211; Italien, E-Mail: info@cortecasaerminia.it wenden. Wir werden Ihre Bedenken in \u00dcbereinstimmung mit dem geltenden Recht behandeln.<\/p>\n<\/li>\n<\/ol>\n","protected":false},"excerpt":{"rendered":"<p>Zuletzt aktualisiert am 26-Sep-2024 Datum des Inkrafttretens 26-Sep-2024 Diese Datenschutzrichtlinie beschreibt die Politik der Societ\u00e0 Agricola Corte Casa Erminia ss, Localit\u00e0 Casa Erminia 2- Lazise, Verona &#8211; Italy, Verona 37017, Italy, email: info@cortecasaerminia.it, phone: +393203610606 \u00fcber die Sammlung, Verwendung und Weitergabe Ihrer Daten, die wir sammeln, wenn Sie unsere Website&#8230;<\/p>\n","protected":false},"author":1,"featured_media":0,"parent":0,"menu_order":0,"comment_status":"closed","ping_status":"closed","template":"","meta":{"_themeisle_gutenberg_block_has_review":false,"footnotes":""},"class_list":["post-27167","page","type-page","status-publish","hentry"],"_links":{"self":[{"href":"https:\/\/cortecasaerminia.it\/de\/wp-json\/wp\/v2\/pages\/27167","targetHints":{"allow":["GET"]}}],"collection":[{"href":"https:\/\/cortecasaerminia.it\/de\/wp-json\/wp\/v2\/pages"}],"about":[{"href":"https:\/\/cortecasaerminia.it\/de\/wp-json\/wp\/v2\/types\/page"}],"author":[{"embeddable":true,"href":"https:\/\/cortecasaerminia.it\/de\/wp-json\/wp\/v2\/users\/1"}],"replies":[{"embeddable":true,"href":"https:\/\/cortecasaerminia.it\/de\/wp-json\/wp\/v2\/comments?post=27167"}],"version-history":[{"count":5,"href":"https:\/\/cortecasaerminia.it\/de\/wp-json\/wp\/v2\/pages\/27167\/revisions"}],"predecessor-version":[{"id":27184,"href":"https:\/\/cortecasaerminia.it\/de\/wp-json\/wp\/v2\/pages\/27167\/revisions\/27184"}],"wp:attachment":[{"href":"https:\/\/cortecasaerminia.it\/de\/wp-json\/wp\/v2\/media?parent=27167"}],"curies":[{"name":"wp","href":"https:\/\/api.w.org\/{rel}","templated":true}]}}