{"id":27067,"date":"2024-05-08T13:55:56","date_gmt":"2024-05-08T13:55:56","guid":{"rendered":"https:\/\/cortecasaerminia.it\/landwirtschaftliche-produktion\/"},"modified":"2024-10-14T15:31:09","modified_gmt":"2024-10-14T15:31:09","slug":"landwirtschaftliche-produktion","status":"publish","type":"page","link":"https:\/\/cortecasaerminia.it\/de\/landwirtschaftliche-produktion\/","title":{"rendered":"Landwirtschaftliche Produktion"},"content":{"rendered":"<div class=\"wpb-content-wrapper\"><p>[vc_row][vc_column][vc_column_text css=&#8220;&#8220;]<span style=\"font-weight: 400;\">In unserer Verkaufsstelle haben Sie die M\u00f6glichkeit, direkt einzukaufen <\/span><a href=\"https:\/\/cortecasaerminia.it\/de\/landwirtschaftliche-produktion\/\"><b>Obst und Gem\u00fcse der Saison<\/b><\/a><span style=\"font-weight: 400;\">  auf unserem Bauernhof angebaut. So k\u00f6nnen Sie die Frische und Qualit\u00e4t von frisch geernteten Produkten genie\u00dfen. <\/span><\/p>\n<p><span style=\"font-weight: 400;\">Dar\u00fcber hinaus bieten wir eine Auswahl an:<\/span>[\/vc_column_text][\/vc_column][vc_column offset=&#8220;vc_hidden-lg vc_hidden-md vc_hidden-sm vc_hidden-xs&#8220;]<div class=\"thim-widget-filter-gallery template-filter-gallery\"><\/div>[\/vc_column][\/vc_row][vc_row][vc_column][vc_custom_heading text=&#8220;Fruchts\u00e4fte&#8220; font_container=&#8220;tag:h3|text_align:left&#8220; css=&#8220;&#8220;][vc_media_grid element_width=&#8220;3&#8243; item=&#8220;masonryMedia_ScaleWithContentBlock&#8220; css=&#8220;&#8220; initial_loading_animation=&#8220;none&#8220; grid_id=&#8220;vc_gid:1726218885334-60efce72-63d0-7&#8243; include=&#8220;26707,26710,26713,26716,26719&#8243;][vc_separator css=&#8220;&#8220;][\/vc_column][\/vc_row][vc_row][vc_column][vc_custom_heading text=&#8220;Konfit\u00fcren&#8220; font_container=&#8220;tag:h3|text_align:left&#8220; css=&#8220;&#8220;][vc_media_grid element_width=&#8220;3&#8243; item=&#8220;masonryMedia_ScaleWithContentBlock&#8220; css=&#8220;&#8220; initial_loading_animation=&#8220;none&#8220; grid_id=&#8220;vc_gid:1726218885336-f2f82eab-7d29-1&#8243; include=&#8220;26723,26726,26729,26732,26251,26239&#8243;][vc_separator css=&#8220;&#8220;][\/vc_column][\/vc_row][vc_row][vc_column][vc_custom_heading text=&#8220;Weine&#8220; font_container=&#8220;tag:h3|text_align:left&#8220; css=&#8220;&#8220;][vc_media_grid element_width=&#8220;3&#8243; item=&#8220;masonryMedia_ScaleWithContentBlock&#8220; css=&#8220;&#8220; initial_loading_animation=&#8220;none&#8220; grid_id=&#8220;vc_gid:1726218885337-c1f4b13e-27f6-9&#8243; include=&#8220;26700,26697,26742,26745&#8243;][vc_separator css=&#8220;&#8220;][vc_row_inner][vc_column_inner offset=&#8220;vc_hidden-lg vc_hidden-md vc_hidden-sm vc_hidden-xs&#8220;][vc_column_text css=&#8220;&#8220;]<b>Fruchts\u00e4fte aus  <\/b><\/p>\n<ul>\n<li aria-level=\"1\">Angeln<\/li>\n<li aria-level=\"1\">Aprikose<\/li>\n<li aria-level=\"1\">Pflaume<\/li>\n<li aria-level=\"1\">Apfel<\/li>\n<li aria-level=\"1\">kiwi<\/li>\n<\/ul>\n<p><b>Konfit\u00fcren<\/b><\/p>\n<ul>\n<li aria-level=\"1\">Angeln<\/li>\n<li aria-level=\"1\">Aprikose<\/li>\n<li aria-level=\"1\">Pflaume<\/li>\n<li aria-level=\"1\">Apfel<\/li>\n<li aria-level=\"1\">kiwi<\/li>\n<li aria-level=\"1\">Kirsche<\/li>\n<\/ul>\n<p><b>Weine<\/b><\/p>\n<ul>\n<li aria-level=\"1\">Bardolino DOC<\/li>\n<li aria-level=\"1\">Custoza DOC<\/li>\n<li aria-level=\"1\">Chiaretto DOC<\/li>\n<li aria-level=\"1\">&#8222;C\u00e0 Erminia&#8220; &#8211; Prickelnd wei\u00df<\/li>\n<\/ul>\n<p>[\/vc_column_text][\/vc_column_inner][\/vc_row_inner][\/vc_column][\/vc_row]<\/p>\n<\/div>","protected":false},"excerpt":{"rendered":"<p>[vc_row][vc_column][vc_column_text css=&#8220;&#8220;]In unserer Verkaufsstelle haben Sie die M\u00f6glichkeit, direkt einzukaufen Obst und Gem\u00fcse der Saison auf unserem Bauernhof angebaut. So k\u00f6nnen Sie die Frische und Qualit\u00e4t von frisch geernteten Produkten genie\u00dfen. Dar\u00fcber hinaus bieten wir eine Auswahl an:[\/vc_column_text][\/vc_column][vc_column offset=&#8220;vc_hidden-lg vc_hidden-md vc_hidden-sm vc_hidden-xs&#8220;][\/vc_column][\/vc_row][vc_row][vc_column][vc_custom_heading text=&#8220;Fruchts\u00e4fte&#8220; font_container=&#8220;tag:h3|text_align:left&#8220; css=&#8220;&#8220;][vc_media_grid element_width=&#8220;3&#8243; item=&#8220;masonryMedia_ScaleWithContentBlock&#8220; css=&#8220;&#8220; initial_loading_animation=&#8220;none&#8220; grid_id=&#8220;vc_gid:1726218885334-60efce72-63d0-7&#8243;&#8230;<\/p>\n","protected":false},"author":1,"featured_media":0,"parent":0,"menu_order":0,"comment_status":"closed","ping_status":"closed","template":"","meta":{"_themeisle_gutenberg_block_has_review":false,"footnotes":""},"class_list":["post-27067","page","type-page","status-publish","hentry"],"_links":{"self":[{"href":"https:\/\/cortecasaerminia.it\/de\/wp-json\/wp\/v2\/pages\/27067","targetHints":{"allow":["GET"]}}],"collection":[{"href":"https:\/\/cortecasaerminia.it\/de\/wp-json\/wp\/v2\/pages"}],"about":[{"href":"https:\/\/cortecasaerminia.it\/de\/wp-json\/wp\/v2\/types\/page"}],"author":[{"embeddable":true,"href":"https:\/\/cortecasaerminia.it\/de\/wp-json\/wp\/v2\/users\/1"}],"replies":[{"embeddable":true,"href":"https:\/\/cortecasaerminia.it\/de\/wp-json\/wp\/v2\/comments?post=27067"}],"version-history":[{"count":5,"href":"https:\/\/cortecasaerminia.it\/de\/wp-json\/wp\/v2\/pages\/27067\/revisions"}],"predecessor-version":[{"id":27131,"href":"https:\/\/cortecasaerminia.it\/de\/wp-json\/wp\/v2\/pages\/27067\/revisions\/27131"}],"wp:attachment":[{"href":"https:\/\/cortecasaerminia.it\/de\/wp-json\/wp\/v2\/media?parent=27067"}],"curies":[{"name":"wp","href":"https:\/\/api.w.org\/{rel}","templated":true}]}}