{"id":27043,"date":"2016-09-28T11:17:20","date_gmt":"2016-09-28T11:17:20","guid":{"rendered":"https:\/\/cortecasaerminia.it\/ueber-uns\/"},"modified":"2025-05-22T19:32:07","modified_gmt":"2025-05-22T19:32:07","slug":"ueber-uns","status":"publish","type":"page","link":"https:\/\/cortecasaerminia.it\/de\/ueber-uns\/","title":{"rendered":"\u00dcber uns"},"content":{"rendered":"<div class=\"wpb-content-wrapper\"><p>[vc_row css=&#8220;.vc_custom_1623388177094{padding-top: 50px !important;}&#8220;][vc_column][vc_empty_space height=&#8220;20px&#8220;]<div class=\"thim-widget-heading template-default\"><div class=\"thim-sc-heading\" >\n\t\t<div class=\"article_heading \">\n\t\t\t<h2  class=\"heading_secondary\">Corte Casa Erminia<\/h2>\n\t\t\t<p class=\"heading_primary\"  >Die Familie Pachera begr\u00fc\u00dft Sie auf dem neuen Ferienhof 'Corte Casa Erminia'.<\/p>\n\t\t\t\n\t\t\t\n\t\t<\/div>\n\t<\/div><\/div>[vc_empty_space height=&#8220;50px&#8220;][\/vc_column][\/vc_row][vc_row css=&#8220;.vc_custom_1476086385327{margin-bottom: 20px !important;}&#8220;][vc_column width=&#8220;1\/2&#8243;][vc_wp_text el_class=&#8220;line-height-normal&#8220;]<span style=\"font-weight: 400; display: inline-block; text-align: justify;\">Unser familiengef\u00fchrter Betrieb befindet sich in <strong>Col\u00e0 di Lazise,<\/strong> umgeben von der wundersch\u00f6nen Landschaft des Hinterlandes des <strong>Gardasees in der Provinz Verona<\/strong>, inmitten von Weinbergen und Obstg\u00e4rten, zwischen den Mor\u00e4nenh\u00fcgeln und an den H\u00e4ngen des Monte Baldo.<br \/>\nDie Ruhe des Ortes, an dem sich der Agriturismo befindet, wird Ihnen eine Zeit der absoluten Entspannung erm\u00f6glichen. <\/span>[\/vc_wp_text][\/vc_column][vc_column width=&#8220;1\/2&#8243;][vc_wp_text el_class=&#8220;line-height-normal&#8220;]<span style=\"font-weight: 400; display: inline-block; text-align: justify;\">Die strategische Lage unseres Hauses erm\u00f6glicht es Ihnen, zahlreiche bekannte Orte (wie <a href=\"https:\/\/cittadilazise.it\/it\/\" target=\"_blank\" rel=\"noopener noreferrer nofollow\">Lazise<\/a>, <a href=\"https:\/\/visitbardolino.it\/\" target=\"_blank\" rel=\"noopener noreferrer nofollow\">Bardolino<\/a>, <a href=\"https:\/\/www.tourismpeschiera.it\/\" target=\"_blank\" rel=\"noopener noreferrer nofollow\">Peschiera del Garda<\/a>, <a href=\"https:\/\/visitsirmione.com\/\" target=\"_blank\" rel=\"noopener noreferrer nofollow\">Sirmione<\/a>, <a href=\"https:\/\/www.valeggio.com\/\" target=\"_blank\" rel=\"noopener noreferrer nofollow\">Valeggio sul Mincio<\/a>und die <a href=\"https:\/\/www.comune.verona.it\/nqcontent.cfm?a_id=63635\" target=\"_blank\" rel=\"noopener noreferrer nofollow\">Stadt Verona<\/a>) sowie die verschiedenen Attraktionen der Gegend leicht zu erreichen. Ebenso k\u00f6nnen Sie durch einen kurzen Spaziergang die Sch\u00f6nheit des nur wenige hundert Meter entfernten <a href=\"https:\/\/www.villadeicedri.it\/ita\/parco-termale.php\" target=\"_blank\" rel=\"noopener noreferrer nofollow\">Thermalparks Garda &#8211; Villa dei Cedri genie\u00dfen<\/a><\/span>[\/vc_wp_text][\/vc_column][\/vc_row][vc_row full_width=&#8220;stretch_row&#8220; css=&#8220;.vc_custom_1475035464467{margin-right: -15px !important;margin-bottom: 65px !important;margin-left: -15px !important;}&#8220;][vc_column][vc_images_carousel images=&#8220;26686,26683,26680,26677,26674,26671,26650,26587&#8243; img_size=&#8220;full&#8220; slides_per_view=&#8220;2&#8243; hide_pagination_control=&#8220;yes&#8220; wrap=&#8220;yes&#8220; css=&#8220;&#8220;][\/vc_column][\/vc_row][vc_row css=&#8220;.vc_custom_1476086385327{margin-bottom: 20px !important;}&#8220;][vc_column width=&#8220;1\/2&#8243;][vc_wp_text el_class=&#8220;line-height-normal&#8220;]<span style=\"font-weight: 400; display: inline-block; text-align: justify;\">Wir sind nur 4 km vom <strong>Gardasee<\/strong> entfernt <strong>und in der N\u00e4he der Vergn\u00fcgungsparks <a href=\"https:\/\/www.gardaland.it\/\" target=\"_blank\" rel=\"noopener noreferrer nofollow\">Gardaland<\/a>, <a href=\"https:\/\/www.gardaland.it\/esplora-gardaland\/sea-life-aquarium\/\" target=\"_blank\" rel=\"noopener noreferrer nofollow\">Sea Life<\/a>, <a href=\"https:\/\/www.canevaworld.it\/\" target=\"_blank\" rel=\"noopener noreferrer nofollow\">Caneva World<\/a><\/strong> mit seinem Wasserpark, <a href=\"https:\/\/www.canevaworld.it\/movieland-the-hollywood-park.html\" target=\"_blank\" rel=\"noopener noreferrer nofollow\"><strong>Movieland<\/strong><\/a> und <a href=\"https:\/\/www.canevaworld.it\/en\/medieval-times.html\" target=\"_blank\" rel=\"noopener noreferrer nofollow\"><strong>Medieval Time.<\/strong><\/a>. Nur 6 km von unserem Bauernhaus entfernt befindet sich der <a href=\"https:\/\/www.parconaturaviva.it\/\" target=\"_blank\" rel=\"noopener noreferrer nofollow\"><strong>Natura Viva Park<\/strong><\/a> von Pastrengo. Wenn Sie G\u00e4rten und die Natur lieben, sollten Sie sich einen Besuch im <a href=\"https:\/\/www.sigurta.it\/\" target=\"_blank\" rel=\"noopener noreferrer nofollow\"><strong>Sigurt\u00e0 Gartenpark<\/strong><\/a> und das charakteristische Dorf <a href=\"https:\/\/www.valeggio.com\/\" target=\"_blank\" rel=\"noopener noreferrer nofollow\"><strong>Borghetto di Valeggio sul Mincio<\/strong><\/a>, 15 km von unserer Anlage entfernt. Wenn Sie das Abenteuer bevorzugen, k\u00f6nnen Sie sich in weniger als einer halben Stunde im <a href=\"https:\/\/www.jungleadventure.it\/\" target=\"_blank\" rel=\"noopener noreferrer nofollow\"><strong>Jungle Adventure Park, in San Zeno di Montagna<\/strong><\/a>und die wundersch\u00f6ne Landschaft des <strong>Monte Baldo<\/strong> genie\u00dfen.<\/span><\/p>\n<p><span style=\"font-weight: 400; display: inline-block; text-align: justify;\">Unsere Anlage ist sowohl von der Autobahnausfahrt Peschiera del Garda (7 km) als auch von der Autobahnausfahrt Affi (12 km) leicht zu erreichen.<\/span>[\/vc_wp_text][\/vc_column][vc_column width=&#8220;1\/2&#8243;][vc_wp_text el_class=&#8220;line-height-normal&#8220;]<span style=\"font-weight: 400; display: inline-block; text-align: justify;\">In unserer Fotogalerie finden Sie einige Bilder von unserem charmanten Bauernhaus, w\u00e4hrend Sie auf unserer Website weitere Informationen \u00fcber unsere <a href=\"https:\/\/cortecasaerminia.it\/de\/zimmer\/\" target=\"_blank\" rel=\"noopener\"><strong>Zimmer<\/strong><\/a> und den Service f\u00fcr unsere G\u00e4ste.<\/span>[\/vc_wp_text][\/vc_column][\/vc_row][vc_row css=&#8220;.vc_custom_1623388177094{padding-top: 50px !important;}&#8220;][vc_column][vc_empty_space height=&#8220;20px&#8220;]<div class=\"thim-widget-heading template-default\"><div class=\"thim-sc-heading\" >\n\t\t<div class=\"article_heading \">\n\t\t\t<h2  class=\"heading_secondary\">Dienstleistungen<\/h2>\n\t\t\t<p class=\"heading_primary\"  >Im Bauernhaus Corte Casa Erminia finden Sie eine Vielzahl von Dienstleistungen, die Ihren Aufenthalt unvergesslich machen:<\/p>\n\t\t\t\n\t\t\t\n\t\t<\/div>\n\t<\/div><\/div>[vc_empty_space height=&#8220;50px&#8220;][\/vc_column][\/vc_row][vc_row gap=&#8220;10&#8243; equal_height=&#8220;yes&#8220; css=&#8220;.vc_custom_1716448062188{margin-bottom: 20px !important;}&#8220;][vc_column width=&#8220;1\/2&#8243;][vc_wp_text el_class=&#8220;line-height-normal&#8220;]<\/p>\n<ul>\n<li style=\"font-weight: 400; display: inline-block; text-align: justify;\" aria-level=\"1\"><span style=\"font-weight: 400;\"><span style=\"font-weight: 400;\"><strong><a href=\"https:\/\/cortecasaerminia.it\/de\/wohnungen\/\" target=\"_blank\" rel=\"noopener\">Zimmer<\/a>:<\/strong> Wir bieten sieben komfortable Zimmer, von denen f\u00fcnf \u00fcber eine Terrasse mit Blick auf den Monte Baldo verf\u00fcgen. Ein Zimmer ist behindertengerecht eingerichtet \u00a0Alle Zimmer verfu\u0308gen u\u0308bert: <\/span><\/span>\n<ul>\n<li>privates Badezimmer mit Duschkabine<\/li>\n<li>dekorativer Heizk\u00f6rper<\/li>\n<li>Heizk\u00f6rper<\/li>\n<li>sicher<\/li>\n<li>Minibar<\/li>\n<li>Digitales Satellitenfernsehen<\/li>\n<li>W-LAN-Internetzugang<\/li>\n<li>Klimaanlage oder Heizung<\/li>\n<li>Bettw\u00e4sche und Handt\u00fccher<\/li>\n<\/ul>\n<p>&nbsp;<\/li>\n<li style=\"font-weight: 400; display: inline-block; text-align: justify;\" aria-level=\"1\"><span style=\"font-weight: 400;\"><span style=\"font-weight: 400;\"><a href=\"https:\/\/cortecasaerminia.it\/de\/wohnungen\/\" target=\"_blank\" rel=\"noopener\"><strong>Wohnungen<\/strong><\/a><br \/>\nzwei Wohnungen mit privatem Au\u00dfenbereich. Die Wohnungen sind ausgestattet mit:<\/span><\/span><\/p>\n<ul>\n<li>privates Badezimmer mit Duschkabine,<\/li>\n<li>Heizk\u00f6rper<\/li>\n<li>F\u00f6hn<\/li>\n<li>Safe<\/li>\n<li>Digitales Satellitenfernsehen<\/li>\n<li>W-LAN-Internetzugang<\/li>\n<li>Klimaanlage oder Heizung<\/li>\n<li>Bettw\u00e4sche und Handt\u00fccher<\/li>\n<li>ausgestattete K\u00fcche<\/li>\n<\/ul>\n<p><strong>Fr\u00fchst\u00fcck:<\/strong> Jeden Morgen k\u00f6nnen Sie in dem ger\u00e4umigen Fr\u00fchst\u00fccksraum oder auf der Au\u00dfenterrasse mit Blick auf den Monte Baldo ein k\u00f6stliches Fr\u00fchst\u00fccksbuffet mit frischem Obst, Eiern, Marmeladen und Fruchts\u00e4ften aus eigener Herstellung genie\u00dfen.<br \/>\nSie werden mit einer Auswahl an frischen und naturreinen Produkten verw\u00f6hnt. Der Fr\u00fchst\u00fccksraum ist au\u00dferdem mit einem Spender f\u00fcr mikrogefiltertes Wasser ausgestattet.<\/p>\n<p><span style=\"font-weight: 400;\"><strong>Au\u00dfenbereiche:<\/strong> Das Bauernhaus bietet gro\u00dfe Au\u00dfenbereiche inmitten der Natur. Sie k\u00f6nnen einen Entspannungsbereich nutzen und angenehme Spazierg\u00e4nge durch die Weinberge und Obstg\u00e4rten in und um unsere Landschaft unternehmen. <\/span><\/p>\n<p>&nbsp;<\/li>\n<li style=\"font-weight: 400; display: inline-block; text-align: justify;\" aria-level=\"1\"><span style=\"font-weight: 400;\"><span style=\"font-weight: 400;\"><strong>Parken:<\/strong> F\u00fcr Ihre Bequemlichkeit haben wir einen privaten Parkplatz auf dem Grundst\u00fcck, so dass Sie Ihr Auto in Ruhe und Frieden auf unseren Parkpl\u00e4tzen abstellen k\u00f6nnen.<br \/>\n<\/span><\/span><\/li>\n<\/ul>\n<p>[\/vc_wp_text][\/vc_column][vc_column width=&#8220;1\/2&#8243;][vc_images_carousel images=&#8220;26625,26575,26587,26590,26515,26602,26536,26665,26662,26659,26656,26644,26647,26650,26653&#8243; img_size=&#8220;full&#8220; autoplay=&#8220;yes&#8220; hide_pagination_control=&#8220;yes&#8220; wrap=&#8220;yes&#8220; css=&#8220;.vc_custom_1726070644971{margin-top: 30px !important;}&#8220;][\/vc_column][\/vc_row][vc_row css=&#8220;.vc_custom_1623388177094{padding-top: 50px !important;}&#8220;][vc_column][vc_empty_space height=&#8220;20px&#8220;]<div class=\"thim-widget-heading template-default\"><div class=\"thim-sc-heading\" >\n\t\t<div class=\"article_heading \">\n\t\t\t<h2  class=\"heading_secondary\">Der Bauernhof<\/h2>\n\t\t\t<p class=\"heading_primary\"  >Was wir tun<\/p>\n\t\t\t\n\t\t\t\n\t\t<\/div>\n\t<\/div><\/div>[vc_empty_space height=&#8220;50px&#8220;][\/vc_column][\/vc_row][vc_row gap=&#8220;10&#8243; css=&#8220;.vc_custom_1716474830532{margin-bottom: 20px !important;}&#8220;][vc_column width=&#8220;1\/2&#8243;][vc_images_carousel images=&#8220;26745,26732,26726,26742,26723,26729,26719,26697,26700,26716,26713,26707,26710&#8243; img_size=&#8220;full&#8220; autoplay=&#8220;yes&#8220; hide_pagination_control=&#8220;yes&#8220; wrap=&#8220;yes&#8220; css=&#8220;&#8220;][\/vc_column][vc_column width=&#8220;1\/2&#8243;][vc_wp_text el_class=&#8220;line-height-normal&#8220;]<span style=\"font-weight: 400; display: inline-block; text-align: justify;\">Der Agriturismo Corte Casa Erminia ist ein integraler Bestandteil des Familienbetriebs, der seit 1968 besteht. Wir bauen haupts\u00e4chlich Obst an, insbesondere den typischen Veroneser Pfirsich und die DOC-Trauben Bardolino und Custoza. <\/span><\/p>\n<p><span style=\"font-weight: 400; display: inline-block; text-align: justify;\"><br \/>\nIn unserer Verkaufsstelle haben Sie die M\u00f6glichkeit, saisonales Obst und Gemu\u0308se, welches auf unserem Bauernhof angebaut wird, zu erwerben. So k\u00f6nnen Sie die Frische und Qualit\u00e4t von gerade geernteten <a href=\"https:\/\/cortecasaerminia.it\/de\/landwirtschaftliche-produktion\/\">Produkten<\/a> genie\u00dfen.<br \/>\n<\/span><\/p>\n<p><span style=\"font-weight: 400; display: inline-block; text-align: justify;\">Dar\u00fcber hinaus bieten wir eine Auswahl an <strong>Fruchts\u00e4ften, Marmeladen und Wein<\/strong> an, <strong>die aus den Produkten unseres Bauernhofs hergestellt werden<\/strong>.<br \/>\nDiese Waren sind eine Mischung aus Liebe und Sorgfalt mit der wir unsere Produkte anbauen und verarbeiten, und garantieren einen authentischen und unverf\u00e4lschten Geschmack. Wir beraten Sie gerne und geben Ihnen bei Ihrem Besuch in unserem Gesch\u00e4ft weitere Informationen zu unseren Produkten. <\/span>[\/vc_wp_text][\/vc_column][\/vc_row][vc_row css=&#8220;.vc_custom_1623388177094{padding-top: 50px !important;}&#8220;][vc_column][vc_raw_html css=&#8220;&#8220;]PGEgbmFtZT0iYWt0aXZpdMOkdGVuIj48L2E+[\/vc_raw_html][vc_empty_space height=&#8220;50px&#8220;]<div class=\"thim-widget-heading template-default\"><div class=\"thim-sc-heading\" >\n\t\t<div class=\"article_heading \">\n\t\t\t<h2  class=\"heading_secondary\">Land und Natur<\/h2>\n\t\t\t<p class=\"heading_primary\"  >Entdecken Sie die Gegend!<\/p>\n\t\t\t\n\t\t\t\n\t\t<\/div>\n\t<\/div><\/div>[vc_empty_space height=&#8220;50px&#8220;][\/vc_column][\/vc_row][vc_row gap=&#8220;10&#8243; css=&#8220;.vc_custom_1716474839464{margin-bottom: 20px !important;}&#8220;][vc_column width=&#8220;1\/2&#8243;][vc_wp_text el_class=&#8220;line-height-normal&#8220;]<span style=\"font-weight: 400; display: inline-block; text-align: justify;\">Unser Bauernhof befindet sich in einer privilegierten Lage, umgeben von Gr\u00fcnfl\u00e4chen und mit zahlreichen Wanderwegen, die den G\u00e4sten zur Verf\u00fcgung stehen.<br \/>\nSie k\u00f6nnen die Mor\u00e4nenh\u00fcgel zu Fu\u00df oder mit dem Fahrrad erkunden und dabei die Sch\u00f6nheit der umliegenden Natur genie\u00dfen. <\/span><\/p>\n<p><span style=\"font-weight: 400; display: inline-block; text-align: justify;\">Unsere Wege und Pfade f\u00fchren Sie durch malerische Landschaften und bieten atemberaubende Ausblicke auf die H\u00fcgel, den Gardasee, den Fluss Mincio und die Ausl\u00e4ufer des Monte Baldo und all seine sch\u00f6nen Zentren.<br \/>\nEs wird ein einzigartiges Erlebnis sein, in die Ruhe und Gelassenheit der Landschaft einzutauchen und gleichzeitig die bekannten Attraktionen der Gegend zu entdecken. <\/span><\/p>\n<p><span style=\"font-weight: 400; display: inline-block; text-align: justify;\">Au\u00dferdem ist unsere Gegend reich an Weinkellern und Weinbergen, die ein Muss f\u00fcr Weinliebhaber sind.<br \/>\nSie werden die Gelegenheit haben, die Weinkeller zu besichtigen , die lokalen Weine zu probieren und in die Geheimnisse der regionalen Weinproduktion eingeweiht zu werden.<\/span><\/p>\n<p><span style=\"font-weight: 400; display: inline-block; text-align: justify;\">Unabh\u00e4ngig von den Unternehmungen, fu\u0308r die Sie sich w\u00e4hrend Ihres Aufenthaltes auf unserem Ferienhof Corte Casa Erminia entscheiden werden, geben wir Ihnen gerne Auskunft \u00fcber Wanderwege, Weing\u00fcter und touristische Attraktionen in der Umgebung. Wir sind sicher, dass Sie viele M\u00f6glichkeiten finden werden, die Sch\u00f6nheit und den Reichtum unserer Gegend zu genie\u00dfen. <\/span>[\/vc_wp_text][\/vc_column][vc_column width=&#8220;1\/2&#8243;][vc_images_carousel images=&#8220;26012,26009,26015,26018,26104,26107,26113,26110&#8243; img_size=&#8220;600&#215;450&#8243; autoplay=&#8220;yes&#8220; hide_pagination_control=&#8220;yes&#8220; wrap=&#8220;yes&#8220; css=&#8220;&#8220;][\/vc_column][\/vc_row][vc_row css=&#8220;.vc_custom_1623388177094{padding-top: 50px !important;}&#8220;][vc_column][vc_empty_space height=&#8220;20px&#8220;]<div class=\"thim-widget-heading template-default\"><div class=\"thim-sc-heading\" >\n\t\t<div class=\"article_heading \">\n\t\t\t<h2  class=\"heading_secondary\">Geschichte<\/h2>\n\t\t\t<p class=\"heading_primary\"  >Ein historisches Geb\u00e4ude<\/p>\n\t\t\t\n\t\t\t\n\t\t<\/div>\n\t<\/div><\/div>[vc_empty_space height=&#8220;50px&#8220;][\/vc_column][\/vc_row][vc_row gap=&#8220;10&#8243; css=&#8220;.vc_custom_1716474849980{margin-bottom: 20px !important;}&#8220;][vc_column width=&#8220;1\/2&#8243;][vc_images_carousel images=&#8220;26690,26758,26761,26764,26767,26770,26773&#8243; img_size=&#8220;full&#8220; autoplay=&#8220;yes&#8220; hide_pagination_control=&#8220;yes&#8220; wrap=&#8220;yes&#8220; css=&#8220;&#8220;][\/vc_column][vc_column width=&#8220;1\/2&#8243;][vc_wp_text el_class=&#8220;line-height-normal&#8220;]<span style=\"font-weight: 400; display: inline-block; text-align: justify;\">Unser l\u00e4ndliches Anwesen Corte Casa Erminia hat seine Wurzeln in der Vergangenheit, die eng mit der Umgebung verbunden ist. Urspru\u0308nglich war es als Bauernhaus entworfen worden, um die Familien der Bauern, die als Teilp\u00e4chter fu\u0308r die Grafen Miniscalchi und sp\u00e4ter fu\u0308r die Familie Solbiati arbeiteten, zu beherbergen. Die Familie Solbiati war damals Eigentu\u0308mer der Villa dei Cedri, welche heute ein bekannter Thermalpark am Gardasee ist. <\/span><\/p>\n<p><span style=\"font-weight: 400; display: inline-block; text-align: justify;\">W\u00e4hrend des Zweiten Weltkriegs wurde das Haus zu einem von der deutschen Armee kontrollierten Arbeits- und Gefangenenlager und zeugt von der turbulenten und wechselhaften Geschichte des Ortes.<\/span><\/p>\n<p><span style=\"font-weight: 400; display: inline-block; text-align: justify;\">Im Jahr 1968 kaufte die Familie Pachera das Anwesen und widmete sich dem Anbau von Obst- und Weing\u00e4rten, wobei sie ihre Leidenschaft und ihr Engagement f\u00fcr die Landwirtschaft von Generation zu Generation weitergab.<\/span><\/p>\n<p><span style=\"font-weight: 400; display: inline-block; text-align: justify;\">Heute f\u00fchren wir mit der Zielstrebigkeit und dem Engagement unserer Vorg\u00e4nger die landwirtschaftliche Familientradition fort und er\u00f6ffnen neue Horizonte mit dem Agrotourismus, der die Werte der Authentizit\u00e4t, der Qualit\u00e4t und des Respekts f\u00fcr das Land, die Corte Casa Erminia seit jeher auszeichnen, an erste Stelle setzt..<\/span>[\/vc_wp_text][\/vc_column][\/vc_row][vc_row full_width=&#8220;stretch_row_content_no_spaces&#8220; el_class=&#8220;no-fill-sm category-group&#8220;][vc_column width=&#8220;1\/4&#8243;]<div class=\"vc-extral_class elemento-con-foto wpb_animate_when_almost_visible wpb_left-to-right left-to-right\"><div class=\"thim-widget-categories-link template-default\">\n        <div class=\"thim-sc-categories-link\">\n            <div class=\"content\">\n\t\t\t\t<img decoding=\"async\" src=\"https:\/\/cortecasaerminia.it\/wp-content\/uploads\/2024\/09\/le-camere.jpg\" alt=\"le-camere\" \/>\n\t\t\t\t<div class=\"categories-info center-center has-line\" style=\"background:#ffffff;\">\n\t\t\t\t\t<h4 class=\"categories-title center-center has-line\" style=\"color: #000000;font-size: 36px;\">Die Zimmer<\/h4>\n\t\t\t\t\t<p class=\"categories-des\">Wir bieten sieben komfortable Zimmer, von denen f\u00fcnf \u00fcber eine Terrasse mit Blick auf den Monte Baldo verf\u00fcgen. Ein Zimmer ist speziell f\u00fcr die Unterbringung von Menschen mit Behinderungen ausgestattet.<\/p>\t\n\t\t\t\t<\/div>\n                <a class=\"categories-link\" href=\"https:\/\/cortecasaerminia.it\/de\/wohnungen\/\"><\/a>\n            <\/div>\n        <\/div>\n    <\/div><\/div>[\/vc_column][vc_column width=&#8220;1\/4&#8243;]<div class=\"vc-extral_class elemento-con-foto wpb_animate_when_almost_visible wpb_left-to-right left-to-right\"><div class=\"thim-widget-categories-link template-default\">\n        <div class=\"thim-sc-categories-link\">\n            <div class=\"content\">\n\t\t\t\t<img decoding=\"async\" src=\"https:\/\/cortecasaerminia.it\/wp-content\/uploads\/2024\/09\/appartamenti.jpg\" alt=\"appartamenti\" \/>\n\t\t\t\t<div class=\"categories-info center-center has-line\" style=\"background:#ffffff;\">\n\t\t\t\t\t<h4 class=\"categories-title center-center has-line\" style=\"color: #000000;font-size: 36px;\">Wohnungen<\/h4>\n\t\t\t\t\t<p class=\"categories-des\">Wir bieten unserer Gastfreundschaft auch zwei Wohnungen an. Sie befinden sich im Erdgeschoss und verf\u00fcgen \u00fcber einen privaten Au\u00dfenbereich und allen Komfort.<\/p>\t\n\t\t\t\t<\/div>\n                <a class=\"categories-link\"  href=\"\" ><\/a>\n            <\/div>\n        <\/div>\n    <\/div><\/div>[\/vc_column][vc_column width=&#8220;1\/4&#8243;]<div class=\"vc-extral_class elemento-con-foto wpb_animate_when_almost_visible wpb_left-to-right left-to-right\"><div class=\"thim-widget-categories-link template-default\">\n        <div class=\"thim-sc-categories-link\">\n            <div class=\"content\">\n\t\t\t\t<img decoding=\"async\" src=\"https:\/\/cortecasaerminia.it\/wp-content\/uploads\/2024\/09\/foto-categorie-produzione.jpg\" alt=\"foto-categorie-produzione\" \/>\n\t\t\t\t<div class=\"categories-info center-center has-line\" style=\"background:#ffffff;\">\n\t\t\t\t\t<h4 class=\"categories-title center-center has-line\" style=\"color: #000000;font-size: 36px;\">Produktion<\/h4>\n\t\t\t\t\t<p class=\"categories-des\">Der Bauernhof bietet die M\u00f6glichkeit, selbst angebautes Obst und Gem\u00fcse der Saison direkt an der Verkaufsstelle zu kaufen<\/p>\t\n\t\t\t\t<\/div>\n                <a class=\"categories-link\" href=\"https:\/\/cortecasaerminia.it\/la-produzione-agricola\/\"><\/a>\n            <\/div>\n        <\/div>\n    <\/div><\/div>[\/vc_column][vc_column width=&#8220;1\/4&#8243;]<div class=\"vc-extral_class elemento-con-foto wpb_animate_when_almost_visible wpb_left-to-right left-to-right\"><div class=\"thim-widget-categories-link template-default\">\n        <div class=\"thim-sc-categories-link\">\n            <div class=\"content\">\n\t\t\t\t<img decoding=\"async\" src=\"https:\/\/cortecasaerminia.it\/wp-content\/uploads\/2024\/10\/foto-categorie-attivita.jpg\" alt=\"foto-categorie-attivita\" \/>\n\t\t\t\t<div class=\"categories-info center-center has-line\" style=\"background:#ffffff;\">\n\t\t\t\t\t<h4 class=\"categories-title center-center has-line\" style=\"color: #000000;font-size: 36px;\">Aktivit\u00e4ten<\/h4>\n\t\t\t\t\t<p class=\"categories-des\">Das Gebiet, in dem sich unser Bauernhof befindet, bietet die M\u00f6glichkeit, Ausfl\u00fcge zu Fu\u00df oder mit dem Fahrrad zu unternehmen, auf Wegen, die in die gr\u00fcnen Mor\u00e4nenh\u00fcgel eingebettet sind, und den Gardasee mit all seinen sch\u00f6nen Zentren, den Fluss Mincio ...<\/p>\t\n\t\t\t\t<\/div>\n                <a class=\"categories-link\" href=\"https:\/\/cortecasaerminia.it\/chi-siamo\/#aktivit\u00e4ten\"><\/a>\n            <\/div>\n        <\/div>\n    <\/div><\/div>[\/vc_column][\/vc_row][vc_row full_width=&#8220;stretch_row_content&#8220; overlay_color=&#8220;rgba(231,173,68,0.6)&#8220; css=&#8220;.vc_custom_1723189872796{background-image: url(https:\/\/cortecasaerminia.it\/wp-content\/uploads\/2021\/06\/blog-10.jpg?id=25517) !important;background-position: center !important;background-repeat: no-repeat !important;background-size: cover !important;}&#8220; el_class=&#8220;thim-counter-box&#8220;][vc_column]<div class=\"thim-widget-counter-box template-default\"><div class=\"thim-sc-counter-box\"><div class=\"wrapper-counter-box\"  ><div class=\"counter-box-item\" >\n\t<div class=\"number\" style=\"color:#ffffff; \"><span class=\"counter-up\" data-number=\"7\">0<\/span><\/div>\n\t<div class=\"text\" style=\"color:#ffffff; \" >\n\t\tZimmer<\/div>\n\t<\/div><div class=\"counter-box-item\" >\n\t<div class=\"number\" style=\"color:#ffffff; color:#ffffff; \"><span class=\"counter-up\" data-number=\"2\">0<\/span><\/div>\n\t<div class=\"text\" style=\"color:#ffffff; color:#ffffff; \" >\n\t\tWohnungen<\/div>\n\t<\/div><div class=\"counter-box-item\" >\n\t<div class=\"number\" style=\"color:#ffffff; color:#ffffff; color:#ffffff; \"><span class=\"counter-up\" data-number=\"1000\">0<\/span><\/div>\n\t<div class=\"text\" style=\"color:#ffffff; color:#ffffff; color:#ffffff; \" >\n\t\tQuadratmeter Garten<\/div>\n\t<\/div><div class=\"counter-box-item\" >\n\t<div class=\"number\" style=\"color:#ffffff; color:#ffffff; color:#ffffff; color:#ffffff; \"><span class=\"counter-up\" data-number=\"10\">0<\/span><\/div>\n\t<div class=\"text\" style=\"color:#ffffff; color:#ffffff; color:#ffffff; color:#ffffff; \" >\n\t\tHektar Anbaufl\u00e4che<\/div>\n\t<\/div><\/div><\/div><\/div>[vc_empty_space height=&#8220;50px&#8220;][\/vc_column][\/vc_row]<\/p>\n<\/div>","protected":false},"excerpt":{"rendered":"<p>[vc_row css=&#8220;.vc_custom_1623388177094{padding-top: 50px !important;}&#8220;][vc_column][vc_empty_space height=&#8220;20px&#8220;][vc_empty_space height=&#8220;50px&#8220;][\/vc_column][\/vc_row][vc_row css=&#8220;.vc_custom_1476086385327{margin-bottom: 20px !important;}&#8220;][vc_column width=&#8220;1\/2&#8243;][vc_wp_text el_class=&#8220;line-height-normal&#8220;]Unser familiengef\u00fchrter Betrieb befindet sich in Col\u00e0 di Lazise, umgeben von der wundersch\u00f6nen Landschaft des Hinterlandes des Gardasees in der Provinz Verona, inmitten von Weinbergen und Obstg\u00e4rten, zwischen den Mor\u00e4nenh\u00fcgeln und an den H\u00e4ngen des Monte Baldo. Die Ruhe des&#8230;<\/p>\n","protected":false},"author":1,"featured_media":0,"parent":0,"menu_order":0,"comment_status":"closed","ping_status":"closed","template":"","meta":{"_themeisle_gutenberg_block_has_review":false,"footnotes":""},"class_list":["post-27043","page","type-page","status-publish","hentry"],"_links":{"self":[{"href":"https:\/\/cortecasaerminia.it\/de\/wp-json\/wp\/v2\/pages\/27043","targetHints":{"allow":["GET"]}}],"collection":[{"href":"https:\/\/cortecasaerminia.it\/de\/wp-json\/wp\/v2\/pages"}],"about":[{"href":"https:\/\/cortecasaerminia.it\/de\/wp-json\/wp\/v2\/types\/page"}],"author":[{"embeddable":true,"href":"https:\/\/cortecasaerminia.it\/de\/wp-json\/wp\/v2\/users\/1"}],"replies":[{"embeddable":true,"href":"https:\/\/cortecasaerminia.it\/de\/wp-json\/wp\/v2\/comments?post=27043"}],"version-history":[{"count":5,"href":"https:\/\/cortecasaerminia.it\/de\/wp-json\/wp\/v2\/pages\/27043\/revisions"}],"predecessor-version":[{"id":27413,"href":"https:\/\/cortecasaerminia.it\/de\/wp-json\/wp\/v2\/pages\/27043\/revisions\/27413"}],"wp:attachment":[{"href":"https:\/\/cortecasaerminia.it\/de\/wp-json\/wp\/v2\/media?parent=27043"}],"curies":[{"name":"wp","href":"https:\/\/api.w.org\/{rel}","templated":true}]}}