{"id":26873,"date":"2018-04-12T03:18:49","date_gmt":"2018-04-12T03:18:49","guid":{"rendered":"https:\/\/cortecasaerminia.it\/wohnungen\/"},"modified":"2025-01-29T20:59:20","modified_gmt":"2025-01-29T20:59:20","slug":"wohnungen","status":"publish","type":"page","link":"https:\/\/cortecasaerminia.it\/de\/wohnungen\/","title":{"rendered":"Wohnungen"},"content":{"rendered":"<div class=\"wpb-content-wrapper\"><p>[vc_row][vc_column][vc_message color=&#8220;info&#8220; css=&#8220;&#8220;]Fr\u00fchst\u00fcck nicht inbegriffen.[\/vc_message][\/vc_column][\/vc_row][vc_row][vc_column]<div class=\"thim-widget-hb-rooms template-default\"><div class=\"thim-sc-hb-rooms row grid style-1\"><div class=\"link-to-rooms col-sm-12\"><\/div><div class=\"row rooms tp-hotel-booking hb-catalog-column-10 style-1 \">\n<div id=\"room-27081\" class=\"col-sm-6 col-xs-12 col-md-4 post-27081 hb_room type-hb_room status-publish has-post-thumbnail hentry hb_room_type-zimmer\">\n\n\t\n\t<div class=\"summary entry-summary\">\n\n\t\t<div class=\"media\">\n\t<a href=\"https:\/\/cortecasaerminia.it\/de\/zimmer\/big-haven-zimmer\/\">\n\t\t<img loading=\"lazy\" decoding=\"async\" src=\"https:\/\/cortecasaerminia.it\/wp-content\/uploads\/2024\/07\/foto-camera-big-haven-02-740x600.jpg\" width=\"740\" height=\"600\" alt=\"\"\/>\t\t\n\t\n\t<\/a>\n\t<\/div>\n\t\t<div class=\"content\">\n\t\t\t\n<h3 class=\"title\"><a href=\"https:\/\/cortecasaerminia.it\/de\/zimmer\/big-haven-zimmer\/\" title=\"Big Haven Zimmer\">\n\t\t\t\t\t\tBig Haven Zimmer\t\t\t\t\t\t\t<\/a><\/h3>\n\n\t<div class=\"room-extra\">\n\n\t\t\t\t\t<div class=\"service-item number-room\">\n\t\t\t\t<i class=\"ion-bedrooms\"><\/i>\n\t\t\t\t1 Schlafzimmer\t\t\t<\/div>\n\t\t\t\t\t\t\t<div class=\"service-item number-bath\">\n\t\t\t\t<i class=\"ion-baths\"><\/i>\n\t\t\t\tBad\t\t\t<\/div>\n\t\t\t\t\t\t\t<div class=\"service-item room-size\">\n\t\t\t\t<i class=\"ion-property-size\"><\/i>\n\t\t\t\t21 m2\t\t\t<\/div>\n\t\t\t<\/div>\n\t<div class=\"description\"><p>Das kontinentale Fr\u00fchst\u00fcck ist im Preis inbegriffen. Kapazit\u00e4t der Zimmer:...<\/p><\/div>\t\t<div class=\"price\">\n\t\t<span class=\"title-price\">Ab dem:<\/span>\n\t\t\n\t\t\t<span class=\"price_value price_min\">&euro;85,00<\/span>\n\n\t\t\t\t<span class=\"unit\">Nacht<\/span>\n\t<\/div>\n\t\t<\/div>\n\n\t<\/div><!-- .summary -->\n\n\t\n<\/div>\n\n\n<div id=\"room-27083\" class=\"col-sm-6 col-xs-12 col-md-4 post-27083 hb_room type-hb_room status-publish has-post-thumbnail hentry hb_room_type-zimmer\">\n\n\t\n\t<div class=\"summary entry-summary\">\n\n\t\t<div class=\"media\">\n\t<a href=\"https:\/\/cortecasaerminia.it\/de\/zimmer\/suesses-traumzimmer\/\">\n\t\t<img loading=\"lazy\" decoding=\"async\" src=\"https:\/\/cortecasaerminia.it\/wp-content\/uploads\/2024\/07\/foto-camera-sweet-dream-01-740x600.jpg\" width=\"740\" height=\"600\" alt=\"\"\/>\t\t\n\t\n\t<\/a>\n\t<\/div>\n\t\t<div class=\"content\">\n\t\t\t\n<h3 class=\"title\"><a href=\"https:\/\/cortecasaerminia.it\/de\/zimmer\/suesses-traumzimmer\/\" title=\"S\u00fc\u00dfes Traumzimmer\">\n\t\t\t\t\t\tS\u00fc\u00dfes Traumzimmer\t\t\t\t\t\t\t<\/a><\/h3>\n\n\t<div class=\"room-extra\">\n\n\t\t\t\t\t<div class=\"service-item number-room\">\n\t\t\t\t<i class=\"ion-bedrooms\"><\/i>\n\t\t\t\t1 Schlafzimmer\t\t\t<\/div>\n\t\t\t\t\t\t\t<div class=\"service-item number-bath\">\n\t\t\t\t<i class=\"ion-baths\"><\/i>\n\t\t\t\tBad\t\t\t<\/div>\n\t\t\t\t\t\t\t<div class=\"service-item room-size\">\n\t\t\t\t<i class=\"ion-property-size\"><\/i>\n\t\t\t\t20 m2\t\t\t<\/div>\n\t\t\t<\/div>\n\t<div class=\"description\"><p>Das kontinentale Fr\u00fchst\u00fcck ist im Preis inbegriffen. Kapazit\u00e4t der Zimmer:...<\/p><\/div>\t\t<div class=\"price\">\n\t\t<span class=\"title-price\">Ab dem:<\/span>\n\t\t\n\t\t\t<span class=\"price_value price_min\">&euro;85,00<\/span>\n\n\t\t\t\t<span class=\"unit\">Nacht<\/span>\n\t<\/div>\n\t\t<\/div>\n\n\t<\/div><!-- .summary -->\n\n\t\n<\/div>\n\n\n<div id=\"room-27085\" class=\"col-sm-6 col-xs-12 col-md-4 post-27085 hb_room type-hb_room status-publish has-post-thumbnail hentry hb_room_type-zimmer\">\n\n\t\n\t<div class=\"summary entry-summary\">\n\n\t\t<div class=\"media\">\n\t<a href=\"https:\/\/cortecasaerminia.it\/de\/zimmer\/zimmer-vista-rich\/\">\n\t\t<img loading=\"lazy\" decoding=\"async\" src=\"https:\/\/cortecasaerminia.it\/wp-content\/uploads\/2016\/10\/foto-camera-royal-gem-02-740x600.jpg\" width=\"740\" height=\"600\" alt=\"\"\/>\t\t\n\t\n\t<\/a>\n\t<\/div>\n\t\t<div class=\"content\">\n\t\t\t\n<h3 class=\"title\"><a href=\"https:\/\/cortecasaerminia.it\/de\/zimmer\/zimmer-vista-rich\/\" title=\"Zimmer Vista Rich\">\n\t\t\t\t\t\tZimmer Vista Rich\t\t\t\t\t\t\t<\/a><\/h3>\n\n\t<div class=\"room-extra\">\n\n\t\t\t\t\t<div class=\"service-item number-room\">\n\t\t\t\t<i class=\"ion-bedrooms\"><\/i>\n\t\t\t\t1 Schlafzimmer\t\t\t<\/div>\n\t\t\t\t\t\t\t<div class=\"service-item number-bath\">\n\t\t\t\t<i class=\"ion-baths\"><\/i>\n\t\t\t\tBad\t\t\t<\/div>\n\t\t\t\t\t\t\t<div class=\"service-item room-size\">\n\t\t\t\t<i class=\"ion-property-size\"><\/i>\n\t\t\t\t21 m2\t\t\t<\/div>\n\t\t\t<\/div>\n\t<div class=\"description\"><p>Das kontinentale Fr\u00fchst\u00fcck ist im Preis inbegriffen. Kapazit\u00e4t der Zimmer:...<\/p><\/div>\t\t<div class=\"price\">\n\t\t<span class=\"title-price\">Ab dem:<\/span>\n\t\t\n\t\t\t<span class=\"price_value price_min\">&euro;85,00<\/span>\n\n\t\t\t\t<span class=\"unit\">Nacht<\/span>\n\t<\/div>\n\t\t<\/div>\n\n\t<\/div><!-- .summary -->\n\n\t\n<\/div>\n\n\n<div id=\"room-27087\" class=\"col-sm-6 col-xs-12 col-md-4 post-27087 hb_room type-hb_room status-publish has-post-thumbnail hentry hb_room_type-zimmer\">\n\n\t\n\t<div class=\"summary entry-summary\">\n\n\t\t<div class=\"media\">\n\t<a href=\"https:\/\/cortecasaerminia.it\/de\/zimmer\/silver-star-zimmer\/\">\n\t\t<img loading=\"lazy\" decoding=\"async\" src=\"https:\/\/cortecasaerminia.it\/wp-content\/uploads\/2024\/07\/foto-camera-silver-star-01-740x600.jpg\" width=\"740\" height=\"600\" alt=\"\"\/>\t\t\n\t\n\t<\/a>\n\t<\/div>\n\t\t<div class=\"content\">\n\t\t\t\n<h3 class=\"title\"><a href=\"https:\/\/cortecasaerminia.it\/de\/zimmer\/silver-star-zimmer\/\" title=\"Silver Star Zimmer\">\n\t\t\t\t\t\tSilver Star Zimmer\t\t\t\t\t\t\t<\/a><\/h3>\n\n\t<div class=\"room-extra\">\n\n\t\t\t\t\t<div class=\"service-item number-room\">\n\t\t\t\t<i class=\"ion-bedrooms\"><\/i>\n\t\t\t\t1 Schlafzimmer\t\t\t<\/div>\n\t\t\t\t\t\t\t<div class=\"service-item number-bath\">\n\t\t\t\t<i class=\"ion-baths\"><\/i>\n\t\t\t\tBad\t\t\t<\/div>\n\t\t\t\t\t\t\t<div class=\"service-item room-size\">\n\t\t\t\t<i class=\"ion-property-size\"><\/i>\n\t\t\t\t21 m2\t\t\t<\/div>\n\t\t\t<\/div>\n\t<div class=\"description\"><p>Das kontinentale Fr\u00fchst\u00fcck ist im Preis inbegriffen. Kapazit\u00e4t der Zimmer:...<\/p><\/div>\t\t<div class=\"price\">\n\t\t<span class=\"title-price\">Ab dem:<\/span>\n\t\t\n\t\t\t<span class=\"price_value price_min\">&euro;81,34<\/span>\n\n\t\t\t\t<span class=\"unit\">Nacht<\/span>\n\t<\/div>\n\t\t<\/div>\n\n\t<\/div><!-- .summary -->\n\n\t\n<\/div>\n\n\n<div id=\"room-27091\" class=\"col-sm-6 col-xs-12 col-md-4 post-27091 hb_room type-hb_room status-publish has-post-thumbnail hentry hb_room_type-wohnungen\">\n\n\t\n\t<div class=\"summary entry-summary\">\n\n\t\t<div class=\"media\">\n\t<a href=\"https:\/\/cortecasaerminia.it\/de\/zimmer\/flaches-rot-gala\/\">\n\t\t<img loading=\"lazy\" decoding=\"async\" src=\"https:\/\/cortecasaerminia.it\/wp-content\/uploads\/2024\/09\/foto-appartamento-red-gala-03-740x600.jpg\" width=\"740\" height=\"600\" alt=\"\"\/>\t\t\n\t\n\t<\/a>\n\t<\/div>\n\t\t<div class=\"content\">\n\t\t\t\n<h3 class=\"title\"><a href=\"https:\/\/cortecasaerminia.it\/de\/zimmer\/flaches-rot-gala\/\" title=\"Wohnung Red Gala\">\n\t\t\t\t\t\tWohnung Red Gala\t\t\t\t\t\t\t<\/a><\/h3>\n\n\t<div class=\"room-extra\">\n\n\t\t\t\t\t<div class=\"service-item number-room\">\n\t\t\t\t<i class=\"ion-bedrooms\"><\/i>\n\t\t\t\t1 Schlafzimmer\t\t\t<\/div>\n\t\t\t\t\t\t\t<div class=\"service-item number-bath\">\n\t\t\t\t<i class=\"ion-baths\"><\/i>\n\t\t\t\tBad\t\t\t<\/div>\n\t\t\t\t\t\t\t<div class=\"service-item room-size\">\n\t\t\t\t<i class=\"ion-property-size\"><\/i>\n\t\t\t\t48 m2\t\t\t<\/div>\n\t\t\t<\/div>\n\t<div class=\"description\"><p>Fr\u00fchst\u00fcck nicht inbegriffen. Kapazit\u00e4t der Zimmer: f\u00fcr 2 Personen mit...<\/p><\/div>\t\t<\/div>\n\n\t<\/div><!-- .summary -->\n\n\t\n<\/div>\n\n\n<div id=\"room-27093\" class=\"col-sm-6 col-xs-12 col-md-4 post-27093 hb_room type-hb_room status-publish has-post-thumbnail hentry hb_room_type-wohnungen\">\n\n\t\n\t<div class=\"summary entry-summary\">\n\n\t\t<div class=\"media\">\n\t<a href=\"https:\/\/cortecasaerminia.it\/de\/zimmer\/wohnung-golden-delicius\/\">\n\t\t<img loading=\"lazy\" decoding=\"async\" src=\"https:\/\/cortecasaerminia.it\/wp-content\/uploads\/2024\/09\/foto-appartamento-gonden-delicius-01-740x600.jpg\" width=\"740\" height=\"600\" alt=\"\"\/>\t\t\n\t\n\t<\/a>\n\t<\/div>\n\t\t<div class=\"content\">\n\t\t\t\n<h3 class=\"title\"><a href=\"https:\/\/cortecasaerminia.it\/de\/zimmer\/wohnung-golden-delicius\/\" title=\"Wohnung Golden Delicius\">\n\t\t\t\t\t\tWohnung Golden Delicius\t\t\t\t\t\t\t<\/a><\/h3>\n\n\t<div class=\"room-extra\">\n\n\t\t\t\t\t<div class=\"service-item number-room\">\n\t\t\t\t<i class=\"ion-bedrooms\"><\/i>\n\t\t\t\t1 Schlafzimmer\t\t\t<\/div>\n\t\t\t\t\t\t\t<div class=\"service-item number-bath\">\n\t\t\t\t<i class=\"ion-baths\"><\/i>\n\t\t\t\tBad\t\t\t<\/div>\n\t\t\t\t\t\t\t<div class=\"service-item room-size\">\n\t\t\t\t<i class=\"ion-property-size\"><\/i>\n\t\t\t\t57 m2\t\t\t<\/div>\n\t\t\t<\/div>\n\t<div class=\"description\"><p>Fr\u00fchst\u00fcck nicht inbegriffen. Kapazit\u00e4t der Zimmer: f\u00fcr 3 Personen Doppelbett...<\/p><\/div>\t\t<div class=\"price\">\n\t\t<span class=\"title-price\">Ab dem:<\/span>\n\t\t\n\t\t\t<span class=\"price_value price_min\">&euro;108,00<\/span>\n\n\t\t\t\t<span class=\"unit\">Nacht<\/span>\n\t<\/div>\n\t\t<\/div>\n\n\t<\/div><!-- .summary -->\n\n\t\n<\/div>\n\n\n<div id=\"room-27095\" class=\"col-sm-6 col-xs-12 col-md-4 post-27095 hb_room type-hb_room status-publish has-post-thumbnail hentry hb_room_type-zimmer\">\n\n\t\n\t<div class=\"summary entry-summary\">\n\n\t\t<div class=\"media\">\n\t<a href=\"https:\/\/cortecasaerminia.it\/de\/zimmer\/koenigliches-edelsteinzimmer\/\">\n\t\t<img loading=\"lazy\" decoding=\"async\" src=\"https:\/\/cortecasaerminia.it\/wp-content\/uploads\/2016\/10\/foto-camera-royal-gem-01-740x600.jpg\" width=\"740\" height=\"600\" alt=\"\"\/>\t\t\n\t\n\t<\/a>\n\t<\/div>\n\t\t<div class=\"content\">\n\t\t\t\n<h3 class=\"title\"><a href=\"https:\/\/cortecasaerminia.it\/de\/zimmer\/koenigliches-edelsteinzimmer\/\" title=\"K\u00f6nigliches Edelsteinzimmer\">\n\t\t\t\t\t\tK\u00f6nigliches Edelsteinzimmer\t\t\t\t\t\t\t<\/a><\/h3>\n\n\t<div class=\"room-extra\">\n\n\t\t\t\t\t<div class=\"service-item number-room\">\n\t\t\t\t<i class=\"ion-bedrooms\"><\/i>\n\t\t\t\t1 Schlafzimmer\t\t\t<\/div>\n\t\t\t\t\t\t\t<div class=\"service-item number-bath\">\n\t\t\t\t<i class=\"ion-baths\"><\/i>\n\t\t\t\tBad\t\t\t<\/div>\n\t\t\t\t\t\t\t<div class=\"service-item room-size\">\n\t\t\t\t<i class=\"ion-property-size\"><\/i>\n\t\t\t\t21 m2\t\t\t<\/div>\n\t\t\t<\/div>\n\t<div class=\"description\"><p>Das kontinentale Fr\u00fchst\u00fcck ist im Preis inbegriffen. Kapazit\u00e4t der Zimmer:...<\/p><\/div>\t\t<div class=\"price\">\n\t\t<span class=\"title-price\">Ab dem:<\/span>\n\t\t\n\t\t\t<span class=\"price_value price_min\">&euro;85,00<\/span>\n\n\t\t\t\t<span class=\"unit\">Nacht<\/span>\n\t<\/div>\n\t\t<\/div>\n\n\t<\/div><!-- .summary -->\n\n\t\n<\/div>\n\n\n<div id=\"room-27097\" class=\"col-sm-6 col-xs-12 col-md-4 post-27097 hb_room type-hb_room status-publish has-post-thumbnail hentry hb_room_type-zimmer\">\n\n\t\n\t<div class=\"summary entry-summary\">\n\n\t\t<div class=\"media\">\n\t<a href=\"https:\/\/cortecasaerminia.it\/de\/zimmer\/zimmer-cortese\/\">\n\t\t<img loading=\"lazy\" decoding=\"async\" src=\"https:\/\/cortecasaerminia.it\/wp-content\/uploads\/2016\/10\/foto-camera-cortese-01-740x600.jpg\" width=\"740\" height=\"600\" alt=\"\"\/>\t\t\n\t\n\t<\/a>\n\t<\/div>\n\t\t<div class=\"content\">\n\t\t\t\n<h3 class=\"title\"><a href=\"https:\/\/cortecasaerminia.it\/de\/zimmer\/zimmer-cortese\/\" title=\"Zimmer Cortese\">\n\t\t\t\t\t\tZimmer Cortese\t\t\t\t\t\t\t<\/a><\/h3>\n\n\t<div class=\"room-extra\">\n\n\t\t\t\t\t<div class=\"service-item number-room\">\n\t\t\t\t<i class=\"ion-bedrooms\"><\/i>\n\t\t\t\t1 Schlafzimmer\t\t\t<\/div>\n\t\t\t\t\t\t\t<div class=\"service-item number-bath\">\n\t\t\t\t<i class=\"ion-baths\"><\/i>\n\t\t\t\tBad\t\t\t<\/div>\n\t\t\t\t\t\t\t<div class=\"service-item room-size\">\n\t\t\t\t<i class=\"ion-property-size\"><\/i>\n\t\t\t\t19,50 m2\t\t\t<\/div>\n\t\t\t<\/div>\n\t<div class=\"description\"><p>Das kontinentale Fr\u00fchst\u00fcck ist im Preis inbegriffen. Kapazit\u00e4t der Zimmer:...<\/p><\/div>\t\t<div class=\"price\">\n\t\t<span class=\"title-price\">Ab dem:<\/span>\n\t\t\n\t\t\t<span class=\"price_value price_min\">&euro;85,00<\/span>\n\n\t\t\t\t<span class=\"unit\">Nacht<\/span>\n\t<\/div>\n\t\t<\/div>\n\n\t<\/div><!-- .summary -->\n\n\t\n<\/div>\n\n\n<div id=\"room-27090\" class=\"col-sm-6 col-xs-12 col-md-4 post-27090 hb_room type-hb_room status-publish has-post-thumbnail hentry hb_room_type-zimmer\">\n\n\t\n\t<div class=\"summary entry-summary\">\n\n\t\t<div class=\"media\">\n\t<a href=\"https:\/\/cortecasaerminia.it\/de\/zimmer\/rondinella-zimmer\/\">\n\t\t<img loading=\"lazy\" decoding=\"async\" src=\"https:\/\/cortecasaerminia.it\/wp-content\/uploads\/2016\/10\/foto-camera-rondinella-01-740x600.jpg\" width=\"740\" height=\"600\" alt=\"\"\/>\t\t\t<\/a>\n\t<\/div>\n\t\t<div class=\"content\">\n\t\t\t\n<h3 class=\"title\"><a href=\"https:\/\/cortecasaerminia.it\/de\/zimmer\/rondinella-zimmer\/\" title=\"Rondinella Zimmer\">\n\t\t\t\t\t\tRondinella Zimmer\t\t\t\t\t\t\t<\/a><\/h3>\n\n\t<div class=\"room-extra\">\n\n\t\t\t\t\t<div class=\"service-item number-room\">\n\t\t\t\t<i class=\"ion-bedrooms\"><\/i>\n\t\t\t\t1 Schlafzimmer\t\t\t<\/div>\n\t\t\t\t\t\t\t<div class=\"service-item number-bath\">\n\t\t\t\t<i class=\"ion-baths\"><\/i>\n\t\t\t\tBad\t\t\t<\/div>\n\t\t\t\t\t\t\t<div class=\"service-item room-size\">\n\t\t\t\t<i class=\"ion-property-size\"><\/i>\n\t\t\t\t21 m2\t\t\t<\/div>\n\t\t\t<\/div>\n\t<div class=\"description\"><p>Das kontinentale Fr\u00fchst\u00fcck ist im Preis inbegriffen. Kapazit\u00e4t der Zimmer:...<\/p><\/div>\t\t<div class=\"price\">\n\t\t<span class=\"title-price\">Ab dem:<\/span>\n\t\t\n\t\t\t<span class=\"price_value price_min\">&euro;85,00<\/span>\n\n\t\t\t\t<span class=\"unit\">Nacht<\/span>\n\t<\/div>\n\t\t<\/div>\n\n\t<\/div><!-- .summary -->\n\n\t\n<\/div>\n\n<\/div><\/div><\/div>[\/vc_column][\/vc_row]<\/p>\n<\/div>","protected":false},"excerpt":{"rendered":"<p>[vc_row][vc_column][vc_message color=&#8220;info&#8220; css=&#8220;&#8220;]Fr\u00fchst\u00fcck nicht inbegriffen.[\/vc_message][\/vc_column][\/vc_row][vc_row][vc_column][\/vc_column][\/vc_row]<\/p>\n","protected":false},"author":1,"featured_media":0,"parent":0,"menu_order":0,"comment_status":"closed","ping_status":"closed","template":"","meta":{"_themeisle_gutenberg_block_has_review":false,"footnotes":""},"class_list":["post-26873","page","type-page","status-publish","hentry"],"_links":{"self":[{"href":"https:\/\/cortecasaerminia.it\/de\/wp-json\/wp\/v2\/pages\/26873","targetHints":{"allow":["GET"]}}],"collection":[{"href":"https:\/\/cortecasaerminia.it\/de\/wp-json\/wp\/v2\/pages"}],"about":[{"href":"https:\/\/cortecasaerminia.it\/de\/wp-json\/wp\/v2\/types\/page"}],"author":[{"embeddable":true,"href":"https:\/\/cortecasaerminia.it\/de\/wp-json\/wp\/v2\/users\/1"}],"replies":[{"embeddable":true,"href":"https:\/\/cortecasaerminia.it\/de\/wp-json\/wp\/v2\/comments?post=26873"}],"version-history":[{"count":5,"href":"https:\/\/cortecasaerminia.it\/de\/wp-json\/wp\/v2\/pages\/26873\/revisions"}],"predecessor-version":[{"id":27351,"href":"https:\/\/cortecasaerminia.it\/de\/wp-json\/wp\/v2\/pages\/26873\/revisions\/27351"}],"wp:attachment":[{"href":"https:\/\/cortecasaerminia.it\/de\/wp-json\/wp\/v2\/media?parent=26873"}],"curies":[{"name":"wp","href":"https:\/\/api.w.org\/{rel}","templated":true}]}}